{"id":18443,"date":"2025-12-18T10:48:49","date_gmt":"2025-12-18T10:48:49","guid":{"rendered":"https:\/\/souley-shop.com\/?post_type=product&#038;p=18443"},"modified":"2025-12-18T11:27:42","modified_gmt":"2025-12-18T11:27:42","slug":"lamaan-plus-noir","status":"publish","type":"product","link":"https:\/\/souley-shop.com\/?product=lamaan-plus-noir","title":{"rendered":"LAMAAN PLUS NOIR"},"content":{"rendered":"<p><strong>Lamaan Plus \u2013 Tunique manches longues<\/strong><u><\/u><u><\/u><\/p>\n<p>La\u00a0<strong>Lamaan Plus<\/strong>\u00a0revisite l\u2019\u00e9l\u00e9gance Souley avec cette tunique manches longues avec une\u00a0<strong>bande centrale en pagne tiss\u00e9 plus large<\/strong>, signature forte du mod\u00e8le. Sobri\u00e9t\u00e9, \u00e9quilibre et caract\u00e8re se rencontrent dans une pi\u00e8ce pens\u00e9e pour un style affirm\u00e9, du quotidien aux grandes occasions. Son nom\u00a0<strong>Lamaan<\/strong>\u00a0s\u2019inspire de la notion de\u00a0<strong>ma\u00eetrise, de calme et d\u2019autorit\u00e9 naturelle<\/strong>\u00a0: une \u00e9l\u00e9gance qui ne s\u2019impose pas par le bruit, mais par l\u2019allure et la justesse. Porter la Lamaan, c\u2019est affirmer un style pos\u00e9, confiant et profond\u00e9ment ancr\u00e9.<u><\/u><u><\/u><\/p>\n<p>Disponible en\u00a0<strong>bleu<\/strong>,\u00a0<strong>noir<\/strong>,\u00a0<strong>cr\u00e8me<\/strong>,\u00a0<strong>all blue<\/strong>\u00a0et\u00a0<strong>all black<\/strong>.<br \/>\nUn essentiel contemporain, entre tradition ma\u00eetris\u00e9e et modernit\u00e9 assum\u00e9e.<\/p>\n","protected":false},"excerpt":{"rendered":"<p><strong>Lamaan Plus \u2013 Tunique manches longues<\/strong><u><\/u><u><\/u><\/p>\n<p>La\u00a0<strong>Lamaan Plus<\/strong>\u00a0revisite l\u2019\u00e9l\u00e9gance Souley avec cette tunique manches longues avec une\u00a0<strong>bande centrale en pagne tiss\u00e9 plus large<\/strong>, signature forte du mod\u00e8le. Sobri\u00e9t\u00e9, \u00e9quilibre et caract\u00e8re se rencontrent dans une pi\u00e8ce pens\u00e9e pour un style affirm\u00e9, du quotidien aux grandes occasions. Son nom\u00a0<strong>Lamaan<\/strong>\u00a0s\u2019inspire de la notion de\u00a0<strong>ma\u00eetrise, de calme et d\u2019autorit\u00e9 naturelle<\/strong>\u00a0: une \u00e9l\u00e9gance qui ne s\u2019impose pas par le bruit, mais par l\u2019allure et la justesse. Porter la Lamaan, c\u2019est affirmer un style pos\u00e9, confiant et profond\u00e9ment ancr\u00e9.<u><\/u><u><\/u><\/p>\n<p>Disponible en\u00a0<strong>bleu<\/strong>,\u00a0<strong>noir<\/strong>,\u00a0<strong>cr\u00e8me<\/strong>,\u00a0<strong>all blue<\/strong>\u00a0et\u00a0<strong>all black<\/strong>.<br \/>\nUn essentiel contemporain, entre tradition ma\u00eetris\u00e9e et modernit\u00e9 assum\u00e9e.<\/p>\n","protected":false},"featured_media":18447,"template":"","meta":{"spay_email":""},"product_cat":[114,964,113],"product_tag":[],"giftcard-category":[],"lang":"fr","translations":{"fr":18443},"pll_sync_post":[],"_links":{"self":[{"href":"https:\/\/souley-shop.com\/index.php?rest_route=\/wp\/v2\/product\/18443"}],"collection":[{"href":"https:\/\/souley-shop.com\/index.php?rest_route=\/wp\/v2\/product"}],"about":[{"href":"https:\/\/souley-shop.com\/index.php?rest_route=\/wp\/v2\/types\/product"}],"wp:featuredmedia":[{"embeddable":true,"href":"https:\/\/souley-shop.com\/index.php?rest_route=\/wp\/v2\/media\/18447"}],"wp:attachment":[{"href":"https:\/\/souley-shop.com\/index.php?rest_route=%2Fwp%2Fv2%2Fmedia&parent=18443"}],"wp:term":[{"taxonomy":"product_cat","embeddable":true,"href":"https:\/\/souley-shop.com\/index.php?rest_route=%2Fwp%2Fv2%2Fproduct_cat&post=18443"},{"taxonomy":"product_tag","embeddable":true,"href":"https:\/\/souley-shop.com\/index.php?rest_route=%2Fwp%2Fv2%2Fproduct_tag&post=18443"},{"taxonomy":"giftcard-category","embeddable":true,"href":"https:\/\/souley-shop.com\/index.php?rest_route=%2Fwp%2Fv2%2Fgiftcard-category&post=18443"}],"curies":[{"name":"wp","href":"https:\/\/api.w.org\/{rel}","templated":true}]}}