{"id":18264,"date":"2025-12-15T01:06:57","date_gmt":"2025-12-15T01:06:57","guid":{"rendered":"https:\/\/souley-shop.com\/?post_type=product&#038;p=18264"},"modified":"2025-12-15T01:16:54","modified_gmt":"2025-12-15T01:16:54","slug":"jacket-dakar-bleu","status":"publish","type":"product","link":"https:\/\/souley-shop.com\/?product=jacket-dakar-bleu","title":{"rendered":"JACKET DAKAR \u2013 BLEU"},"content":{"rendered":"<p style=\"font-weight: 400;\">\u00c9pur\u00e9e et structur\u00e9e, la Jacket Dakar Bleu incarne l\u2019\u00e9l\u00e9gance urbaine selon Souley.<br \/>\nSa coupe nette, son bleu profond et ses finitions, en font une pi\u00e8ce forte, pens\u00e9e pour accompagner le quotidien comme les moments d\u2019exception.<\/p>\n<p style=\"font-weight: 400;\"><strong>Une veste moderne, ancr\u00e9e dans l\u2019identit\u00e9 africaine, con\u00e7ue pour durer.<\/strong><\/p>\n","protected":false},"excerpt":{"rendered":"<p style=\"font-weight: 400;\">\u00c9pur\u00e9e et structur\u00e9e, la Jacket Dakar Bleu incarne l\u2019\u00e9l\u00e9gance urbaine selon Souley.<br \/>\nSa coupe nette, son bleu profond et ses finitions, en font une pi\u00e8ce forte, pens\u00e9e pour accompagner le quotidien comme les moments d\u2019exception.<\/p>\n<p style=\"font-weight: 400;\"><strong>Une veste moderne, ancr\u00e9e dans l\u2019identit\u00e9 africaine, con\u00e7ue pour durer.<\/strong><\/p>\n","protected":false},"featured_media":18274,"template":"","meta":{"spay_email":""},"product_cat":[964],"product_tag":[],"giftcard-category":[],"lang":"fr","translations":{"en":18323,"fr":18264},"pll_sync_post":[],"_links":{"self":[{"href":"https:\/\/souley-shop.com\/index.php?rest_route=\/wp\/v2\/product\/18264"}],"collection":[{"href":"https:\/\/souley-shop.com\/index.php?rest_route=\/wp\/v2\/product"}],"about":[{"href":"https:\/\/souley-shop.com\/index.php?rest_route=\/wp\/v2\/types\/product"}],"wp:featuredmedia":[{"embeddable":true,"href":"https:\/\/souley-shop.com\/index.php?rest_route=\/wp\/v2\/media\/18274"}],"wp:attachment":[{"href":"https:\/\/souley-shop.com\/index.php?rest_route=%2Fwp%2Fv2%2Fmedia&parent=18264"}],"wp:term":[{"taxonomy":"product_cat","embeddable":true,"href":"https:\/\/souley-shop.com\/index.php?rest_route=%2Fwp%2Fv2%2Fproduct_cat&post=18264"},{"taxonomy":"product_tag","embeddable":true,"href":"https:\/\/souley-shop.com\/index.php?rest_route=%2Fwp%2Fv2%2Fproduct_tag&post=18264"},{"taxonomy":"giftcard-category","embeddable":true,"href":"https:\/\/souley-shop.com\/index.php?rest_route=%2Fwp%2Fv2%2Fgiftcard-category&post=18264"}],"curies":[{"name":"wp","href":"https:\/\/api.w.org\/{rel}","templated":true}]}}