{"id":14264,"date":"2021-11-28T12:58:20","date_gmt":"2021-11-28T12:58:20","guid":{"rendered":"https:\/\/souley-shop.com\/?post_type=product&#038;p=14264"},"modified":"2022-03-28T09:43:34","modified_gmt":"2022-03-28T09:43:34","slug":"short-gris-clair-uni","status":"publish","type":"product","link":"https:\/\/souley-shop.com\/?product=short-gris-clair-uni","title":{"rendered":"SHORT GRIS CLAIR UNI"},"content":{"rendered":"<p style=\"text-align: justify;\"><span style=\"font-weight: 400; font-size: 14pt;\">Ce bermuda chino, gris tr\u00e8s clair est une pi\u00e8ce rare, confortable et unique. Poches arri\u00e8re avec fermeture invisible.<\/span><\/p>\n","protected":false},"excerpt":{"rendered":"<p>Ce bermuda chino, gris tr\u00e8s clair est une pi\u00e8ce rare, confortable et unique. Poches arri\u00e8re avec fermeture invisible.<\/p>\n","protected":false},"featured_media":16330,"template":"","meta":{"spay_email":""},"product_cat":[109,161],"product_tag":[],"giftcard-category":[],"lang":"fr","translations":{"fr":14264,"en":17825},"pll_sync_post":[],"_links":{"self":[{"href":"https:\/\/souley-shop.com\/index.php?rest_route=\/wp\/v2\/product\/14264"}],"collection":[{"href":"https:\/\/souley-shop.com\/index.php?rest_route=\/wp\/v2\/product"}],"about":[{"href":"https:\/\/souley-shop.com\/index.php?rest_route=\/wp\/v2\/types\/product"}],"wp:featuredmedia":[{"embeddable":true,"href":"https:\/\/souley-shop.com\/index.php?rest_route=\/wp\/v2\/media\/16330"}],"wp:attachment":[{"href":"https:\/\/souley-shop.com\/index.php?rest_route=%2Fwp%2Fv2%2Fmedia&parent=14264"}],"wp:term":[{"taxonomy":"product_cat","embeddable":true,"href":"https:\/\/souley-shop.com\/index.php?rest_route=%2Fwp%2Fv2%2Fproduct_cat&post=14264"},{"taxonomy":"product_tag","embeddable":true,"href":"https:\/\/souley-shop.com\/index.php?rest_route=%2Fwp%2Fv2%2Fproduct_tag&post=14264"},{"taxonomy":"giftcard-category","embeddable":true,"href":"https:\/\/souley-shop.com\/index.php?rest_route=%2Fwp%2Fv2%2Fgiftcard-category&post=14264"}],"curies":[{"name":"wp","href":"https:\/\/api.w.org\/{rel}","templated":true}]}}