{"id":14255,"date":"2021-11-28T12:09:44","date_gmt":"2021-11-28T12:09:44","guid":{"rendered":"https:\/\/souley-shop.com\/?post_type=product&#038;p=14255"},"modified":"2022-03-28T10:21:57","modified_gmt":"2022-03-28T10:21:57","slug":"short-bleu-ciel-uni","status":"publish","type":"product","link":"https:\/\/souley-shop.com\/?product=short-bleu-ciel-uni","title":{"rendered":"SHORT BLEU CIEL UNI"},"content":{"rendered":"<p style=\"text-align: justify;\"><span style=\"font-weight: 400; font-size: 14pt;\">Ce bermuda chino, bleu ciel est un incontournable de votre garde-robe. Sa couleur douce et irr\u00e9sistible ainsi que la douceur du tissu, vous mettre dans un confort appr\u00e9ciable. Poches arri\u00e8re avec fermeture invisible.<\/span><\/p>\n","protected":false},"excerpt":{"rendered":"<p>Ce bermuda chino, bleu ciel est un incontournable de votre garde-robe. Sa couleur douce et irr\u00e9sistible ainsi que la douceur du tissu, vous mettre dans un confort appr\u00e9ciable. Poches arri\u00e8re avec fermeture invisible.<\/p>\n","protected":false},"featured_media":16335,"template":"","meta":{"spay_email":""},"product_cat":[109,161],"product_tag":[],"giftcard-category":[],"lang":"fr","translations":{"fr":14255,"en":17831},"pll_sync_post":[],"_links":{"self":[{"href":"https:\/\/souley-shop.com\/index.php?rest_route=\/wp\/v2\/product\/14255"}],"collection":[{"href":"https:\/\/souley-shop.com\/index.php?rest_route=\/wp\/v2\/product"}],"about":[{"href":"https:\/\/souley-shop.com\/index.php?rest_route=\/wp\/v2\/types\/product"}],"wp:featuredmedia":[{"embeddable":true,"href":"https:\/\/souley-shop.com\/index.php?rest_route=\/wp\/v2\/media\/16335"}],"wp:attachment":[{"href":"https:\/\/souley-shop.com\/index.php?rest_route=%2Fwp%2Fv2%2Fmedia&parent=14255"}],"wp:term":[{"taxonomy":"product_cat","embeddable":true,"href":"https:\/\/souley-shop.com\/index.php?rest_route=%2Fwp%2Fv2%2Fproduct_cat&post=14255"},{"taxonomy":"product_tag","embeddable":true,"href":"https:\/\/souley-shop.com\/index.php?rest_route=%2Fwp%2Fv2%2Fproduct_tag&post=14255"},{"taxonomy":"giftcard-category","embeddable":true,"href":"https:\/\/souley-shop.com\/index.php?rest_route=%2Fwp%2Fv2%2Fgiftcard-category&post=14255"}],"curies":[{"name":"wp","href":"https:\/\/api.w.org\/{rel}","templated":true}]}}